{"id":833,"date":"2022-05-20T21:06:47","date_gmt":"2022-05-20T19:06:47","guid":{"rendered":"http:\/\/www.sintarnoldus.nl\/?page_id=833"},"modified":"2022-05-20T21:11:41","modified_gmt":"2022-05-20T19:11:41","slug":"elementor-833","status":"publish","type":"page","link":"https:\/\/www.sintarnoldus.nl\/index.php\/elementor-833\/","title":{"rendered":"Foto-impressie Excursie 2022"},"content":{"rendered":"<figure><img loading=\"lazy\" decoding=\"async\" src=\"https:\/\/www.sintarnoldus.nl\/wp-content\/uploads\/2022\/05\/PHOTO-2022-05-20-10-27-53-768x1024.jpg\" sizes=\"auto, 100vw\" srcset=\"https:\/\/www.sintarnoldus.nl\/wp-content\/uploads\/2022\/05\/PHOTO-2022-05-20-10-27-53-768x1024.jpg 768w, https:\/\/www.sintarnoldus.nl\/wp-content\/uploads\/2022\/05\/PHOTO-2022-05-20-10-27-53-225x300.jpg 225w, https:\/\/www.sintarnoldus.nl\/wp-content\/uploads\/2022\/05\/PHOTO-2022-05-20-10-27-53-1152x1536.jpg 1152w, https:\/\/www.sintarnoldus.nl\/wp-content\/uploads\/2022\/05\/PHOTO-2022-05-20-10-27-53.jpg 1500w\" alt=\"\" width=\"525\" height=\"700\" \/><figcaption>Instappen bij Oude Station, Dalfwen<\/figcaption><\/figure>\n<figure><img loading=\"lazy\" decoding=\"async\" src=\"https:\/\/www.sintarnoldus.nl\/wp-content\/uploads\/2022\/05\/PHOTO-2022-05-20-11-49-51-768x1024.jpg\" sizes=\"auto, 100vw\" srcset=\"https:\/\/www.sintarnoldus.nl\/wp-content\/uploads\/2022\/05\/PHOTO-2022-05-20-11-49-51-768x1024.jpg 768w, https:\/\/www.sintarnoldus.nl\/wp-content\/uploads\/2022\/05\/PHOTO-2022-05-20-11-49-51-225x300.jpg 225w, https:\/\/www.sintarnoldus.nl\/wp-content\/uploads\/2022\/05\/PHOTO-2022-05-20-11-49-51-1152x1536.jpg 1152w, https:\/\/www.sintarnoldus.nl\/wp-content\/uploads\/2022\/05\/PHOTO-2022-05-20-11-49-51.jpg 1512w\" alt=\"\" width=\"525\" height=\"700\" \/><figcaption>H\u00e9\u00e9l dicht bij&#8230;., maar n\u00e9t niet.<\/figcaption><\/figure>\n<p><img loading=\"lazy\" decoding=\"async\" src=\"https:\/\/www.sintarnoldus.nl\/wp-content\/uploads\/2022\/05\/IMG_2754.jpg\" sizes=\"auto, 100vw\" srcset=\"https:\/\/www.sintarnoldus.nl\/wp-content\/uploads\/2022\/05\/IMG_2754.jpg 1024w, https:\/\/www.sintarnoldus.nl\/wp-content\/uploads\/2022\/05\/IMG_2754-300x300.jpg 300w, https:\/\/www.sintarnoldus.nl\/wp-content\/uploads\/2022\/05\/IMG_2754-150x150.jpg 150w, https:\/\/www.sintarnoldus.nl\/wp-content\/uploads\/2022\/05\/IMG_2754-768x768.jpg 768w, https:\/\/www.sintarnoldus.nl\/wp-content\/uploads\/2022\/05\/IMG_2754-100x100.jpg 100w\" alt=\"\" width=\"525\" height=\"525\" \/><\/p>\n<figure><img loading=\"lazy\" decoding=\"async\" src=\"https:\/\/www.sintarnoldus.nl\/wp-content\/uploads\/2022\/05\/IMG_2774.jpg\" sizes=\"auto, 100vw\" srcset=\"https:\/\/www.sintarnoldus.nl\/wp-content\/uploads\/2022\/05\/IMG_2774.jpg 1024w, https:\/\/www.sintarnoldus.nl\/wp-content\/uploads\/2022\/05\/IMG_2774-300x300.jpg 300w, https:\/\/www.sintarnoldus.nl\/wp-content\/uploads\/2022\/05\/IMG_2774-150x150.jpg 150w, https:\/\/www.sintarnoldus.nl\/wp-content\/uploads\/2022\/05\/IMG_2774-768x768.jpg 768w, https:\/\/www.sintarnoldus.nl\/wp-content\/uploads\/2022\/05\/IMG_2774-100x100.jpg 100w\" alt=\"\" width=\"525\" height=\"525\" \/><figcaption>Bezoek aan Vloermouterij Masterveld<\/figcaption><\/figure>\n<figure><img loading=\"lazy\" decoding=\"async\" src=\"https:\/\/www.sintarnoldus.nl\/wp-content\/uploads\/2022\/05\/IMG_2786.jpg\" sizes=\"auto, 100vw\" srcset=\"https:\/\/www.sintarnoldus.nl\/wp-content\/uploads\/2022\/05\/IMG_2786.jpg 1024w, https:\/\/www.sintarnoldus.nl\/wp-content\/uploads\/2022\/05\/IMG_2786-300x300.jpg 300w, https:\/\/www.sintarnoldus.nl\/wp-content\/uploads\/2022\/05\/IMG_2786-150x150.jpg 150w, https:\/\/www.sintarnoldus.nl\/wp-content\/uploads\/2022\/05\/IMG_2786-768x768.jpg 768w, https:\/\/www.sintarnoldus.nl\/wp-content\/uploads\/2022\/05\/IMG_2786-100x100.jpg 100w\" alt=\"\" width=\"525\" height=\"525\" \/><figcaption>Daar moet op gedronken worden&#8230;<\/figcaption><\/figure>\n<figure><img loading=\"lazy\" decoding=\"async\" src=\"https:\/\/www.sintarnoldus.nl\/wp-content\/uploads\/2022\/05\/IMG_2785.jpg\" sizes=\"auto, 100vw\" srcset=\"https:\/\/www.sintarnoldus.nl\/wp-content\/uploads\/2022\/05\/IMG_2785.jpg 1024w, https:\/\/www.sintarnoldus.nl\/wp-content\/uploads\/2022\/05\/IMG_2785-300x300.jpg 300w, https:\/\/www.sintarnoldus.nl\/wp-content\/uploads\/2022\/05\/IMG_2785-150x150.jpg 150w, https:\/\/www.sintarnoldus.nl\/wp-content\/uploads\/2022\/05\/IMG_2785-768x768.jpg 768w, https:\/\/www.sintarnoldus.nl\/wp-content\/uploads\/2022\/05\/IMG_2785-100x100.jpg 100w\" alt=\"\" width=\"525\" height=\"525\" \/><figcaption>Fields of green&#8230;<\/figcaption><\/figure>\n<figure><img loading=\"lazy\" decoding=\"async\" src=\"https:\/\/www.sintarnoldus.nl\/wp-content\/uploads\/2022\/05\/IMG_2798.jpg\" sizes=\"auto, 100vw\" srcset=\"https:\/\/www.sintarnoldus.nl\/wp-content\/uploads\/2022\/05\/IMG_2798.jpg 1024w, https:\/\/www.sintarnoldus.nl\/wp-content\/uploads\/2022\/05\/IMG_2798-300x300.jpg 300w, https:\/\/www.sintarnoldus.nl\/wp-content\/uploads\/2022\/05\/IMG_2798-150x150.jpg 150w, https:\/\/www.sintarnoldus.nl\/wp-content\/uploads\/2022\/05\/IMG_2798-768x768.jpg 768w, https:\/\/www.sintarnoldus.nl\/wp-content\/uploads\/2022\/05\/IMG_2798-100x100.jpg 100w\" alt=\"\" width=\"525\" height=\"525\" \/><figcaption>Je lest je d\u00f6st in &#8217;t brouwersn\u00f6s<\/figcaption><\/figure>\n<figure><img loading=\"lazy\" decoding=\"async\" src=\"https:\/\/www.sintarnoldus.nl\/wp-content\/uploads\/2022\/05\/PHOTO-2022-05-20-18-01-37-1024x461.jpg\" sizes=\"auto, 100vw\" srcset=\"https:\/\/www.sintarnoldus.nl\/wp-content\/uploads\/2022\/05\/PHOTO-2022-05-20-18-01-37-1024x461.jpg 1024w, https:\/\/www.sintarnoldus.nl\/wp-content\/uploads\/2022\/05\/PHOTO-2022-05-20-18-01-37-300x135.jpg 300w, https:\/\/www.sintarnoldus.nl\/wp-content\/uploads\/2022\/05\/PHOTO-2022-05-20-18-01-37-768x346.jpg 768w, https:\/\/www.sintarnoldus.nl\/wp-content\/uploads\/2022\/05\/PHOTO-2022-05-20-18-01-37-1536x691.jpg 1536w, https:\/\/www.sintarnoldus.nl\/wp-content\/uploads\/2022\/05\/PHOTO-2022-05-20-18-01-37.jpg 2000w\" alt=\"\" width=\"525\" height=\"236\" \/><figcaption>tja, en wat doe je dan&#8230;.?<\/figcaption><\/figure>\n<figure><img loading=\"lazy\" decoding=\"async\" src=\"https:\/\/www.sintarnoldus.nl\/wp-content\/uploads\/2022\/05\/IMG_2795-1024x768.jpg\" sizes=\"auto, 100vw\" srcset=\"https:\/\/www.sintarnoldus.nl\/wp-content\/uploads\/2022\/05\/IMG_2795-1024x768.jpg 1024w, https:\/\/www.sintarnoldus.nl\/wp-content\/uploads\/2022\/05\/IMG_2795-300x225.jpg 300w, https:\/\/www.sintarnoldus.nl\/wp-content\/uploads\/2022\/05\/IMG_2795-768x576.jpg 768w, https:\/\/www.sintarnoldus.nl\/wp-content\/uploads\/2022\/05\/IMG_2795-1536x1152.jpg 1536w, https:\/\/www.sintarnoldus.nl\/wp-content\/uploads\/2022\/05\/IMG_2795.jpg 1600w\" alt=\"\" width=\"525\" height=\"394\" \/><figcaption>&#8230;en dan krijg je dit&#8230;.<\/figcaption><\/figure>\n","protected":false},"excerpt":{"rendered":"<p>Instappen bij Oude Station, Dalfwen H\u00e9\u00e9l dicht bij&#8230;., maar n\u00e9t niet. Bezoek aan Vloermouterij Masterveld Daar moet op gedronken worden&#8230; Fields of green&#8230; Je lest je d\u00f6st in &#8217;t brouwersn\u00f6s tja, en wat doe je dan&#8230;.? &#8230;en dan krijg je dit&#8230;.<\/p>\n","protected":false},"author":2,"featured_media":0,"parent":0,"menu_order":0,"comment_status":"closed","ping_status":"closed","template":"","meta":{"footnotes":""},"class_list":["post-833","page","type-page","status-publish","hentry"],"_links":{"self":[{"href":"https:\/\/www.sintarnoldus.nl\/index.php\/wp-json\/wp\/v2\/pages\/833","targetHints":{"allow":["GET"]}}],"collection":[{"href":"https:\/\/www.sintarnoldus.nl\/index.php\/wp-json\/wp\/v2\/pages"}],"about":[{"href":"https:\/\/www.sintarnoldus.nl\/index.php\/wp-json\/wp\/v2\/types\/page"}],"author":[{"embeddable":true,"href":"https:\/\/www.sintarnoldus.nl\/index.php\/wp-json\/wp\/v2\/users\/2"}],"replies":[{"embeddable":true,"href":"https:\/\/www.sintarnoldus.nl\/index.php\/wp-json\/wp\/v2\/comments?post=833"}],"version-history":[{"count":4,"href":"https:\/\/www.sintarnoldus.nl\/index.php\/wp-json\/wp\/v2\/pages\/833\/revisions"}],"predecessor-version":[{"id":903,"href":"https:\/\/www.sintarnoldus.nl\/index.php\/wp-json\/wp\/v2\/pages\/833\/revisions\/903"}],"wp:attachment":[{"href":"https:\/\/www.sintarnoldus.nl\/index.php\/wp-json\/wp\/v2\/media?parent=833"}],"curies":[{"name":"wp","href":"https:\/\/api.w.org\/{rel}","templated":true}]}}